{"id":28,"date":"2016-09-03T19:22:48","date_gmt":"2016-09-03T19:22:48","guid":{"rendered":"http:\/\/parnu.waf.ee\/dance\/?page_id=28"},"modified":"2018-08-31T16:22:06","modified_gmt":"2018-08-31T13:22:06","slug":"koolist","status":"publish","type":"page","link":"https:\/\/parnu.waf.ee\/dance\/","title":{"rendered":"Koolist"},"content":{"rendered":"<p><strong>We Are Family<\/strong><\/p>\n<p><strong>ME OLEME PEREKOND<\/strong><\/p>\n<p>Nime autor on Nele-Liis Vaiksoo ja see p\u00e4rineb noorte muusikakollektiivilt FAMILY . 2002 aasta kevadel loodi O\u00dc WAF MANAGEMENT. Asutajateks olid VILLIKO KRUUSE, EDDA L\u00dcLL, KAIDO L\u00dcLL, MARKO SASSJAN JA MEELI P\u00c4RNA.<\/p>\n<p>K\u00f5iki meid sidus aastatepikkune koost\u00f6\u00f6 ja s\u00f5prus \u2013 olles tihti koos nii h\u00e4das kui ka r\u00f5\u00f5mus- see ongi ju perekond. Meil k\u00f5igil oli unistus luua oma tantsukool . 2002.aasta suvel pakuti rendile meie esimest koolimaja, mis juba esmapilgul m\u00f5jus nagu ta oodanuks meid, siis oligi \u00f5ige aeg luua tantsukool WAF Dance .<\/p>\n<p>&nbsp;<\/p>\n<p>2018\/2019. hooajal on meie treeneriteks Annika Viibus, Ann-Marii Reiv\u00e4li, Liina Ojatamm, Karoline Suhhov, Meeli P\u00e4rna, Mark Monak ja Markus Monak<\/p>\n","protected":false},"excerpt":{"rendered":"<p>We Are Family ME OLEME PEREKOND Nime autor on Nele-Liis Vaiksoo ja see p\u00e4rineb noorte muusikakollektiivilt FAMILY . 2002 aasta kevadel loodi [&hellip;]<\/p>\n","protected":false},"author":1,"featured_media":0,"parent":0,"menu_order":0,"comment_status":"closed","ping_status":"closed","template":"","meta":{"footnotes":""},"class_list":["post-28","page","type-page","status-publish","hentry"],"_links":{"self":[{"href":"https:\/\/parnu.waf.ee\/dance\/wp-json\/wp\/v2\/pages\/28","targetHints":{"allow":["GET"]}}],"collection":[{"href":"https:\/\/parnu.waf.ee\/dance\/wp-json\/wp\/v2\/pages"}],"about":[{"href":"https:\/\/parnu.waf.ee\/dance\/wp-json\/wp\/v2\/types\/page"}],"author":[{"embeddable":true,"href":"https:\/\/parnu.waf.ee\/dance\/wp-json\/wp\/v2\/users\/1"}],"replies":[{"embeddable":true,"href":"https:\/\/parnu.waf.ee\/dance\/wp-json\/wp\/v2\/comments?post=28"}],"version-history":[{"count":8,"href":"https:\/\/parnu.waf.ee\/dance\/wp-json\/wp\/v2\/pages\/28\/revisions"}],"predecessor-version":[{"id":589,"href":"https:\/\/parnu.waf.ee\/dance\/wp-json\/wp\/v2\/pages\/28\/revisions\/589"}],"wp:attachment":[{"href":"https:\/\/parnu.waf.ee\/dance\/wp-json\/wp\/v2\/media?parent=28"}],"curies":[{"name":"wp","href":"https:\/\/api.w.org\/{rel}","templated":true}]}}